{"id":103,"date":"2019-09-18T20:05:37","date_gmt":"2019-09-18T23:05:37","guid":{"rendered":"https:\/\/smartform.com.br\/?page_id=103"},"modified":"2023-05-18T12:12:53","modified_gmt":"2023-05-18T15:12:53","slug":"contato","status":"publish","type":"page","link":"https:\/\/smartform.com.br\/uniformes-profissionais\/contato\/","title":{"rendered":"Contato"},"content":{"rendered":"\t\t<div data-elementor-type=\"wp-page\" data-elementor-id=\"103\" class=\"elementor elementor-103\" data-elementor-post-type=\"page\">\n\t\t\t\t\t\t<section class=\"elementor-section elementor-top-section elementor-element elementor-element-e3827bb elementor-section-full_width elementor-section-height-default elementor-section-height-default\" data-id=\"e3827bb\" data-element_type=\"section\" data-e-type=\"section\">\n\t\t\t\t\t\t<div class=\"elementor-container elementor-column-gap-default\">\n\t\t\t\t\t<div class=\"elementor-column elementor-col-100 elementor-top-column elementor-element elementor-element-36afaf3\" data-id=\"36afaf3\" data-element_type=\"column\" data-e-type=\"column\" data-settings=\"{&quot;background_background&quot;:&quot;gradient&quot;}\">\n\t\t\t<div class=\"elementor-widget-wrap elementor-element-populated\">\n\t\t\t\t\t\t<div class=\"elementor-element elementor-element-9d7f909 elementor-widget elementor-widget-heading\" data-id=\"9d7f909\" data-element_type=\"widget\" data-e-type=\"widget\" data-widget_type=\"heading.default\">\n\t\t\t\t<div class=\"elementor-widget-container\">\n\t\t\t\t\t<h2 class=\"elementor-heading-title elementor-size-default\">Entre em contato conosco!<\/h2>\t\t\t\t<\/div>\n\t\t\t\t<\/div>\n\t\t\t\t<div class=\"elementor-element elementor-element-1ec8336 elementor-widget elementor-widget-text-editor\" data-id=\"1ec8336\" data-element_type=\"widget\" data-e-type=\"widget\" data-widget_type=\"text-editor.default\">\n\t\t\t\t<div class=\"elementor-widget-container\">\n\t\t\t\t\t\t\t\t\t<p>Ser\u00e1 um prazer te conhecer e responder suas d\u00favidas<\/p>\t\t\t\t\t\t\t\t<\/div>\n\t\t\t\t<\/div>\n\t\t\t\t<div class=\"elementor-element elementor-element-bb3c5a7 elementor-button-align-center elementor-widget elementor-widget-form\" data-id=\"bb3c5a7\" data-element_type=\"widget\" data-e-type=\"widget\" data-settings=\"{&quot;step_next_label&quot;:&quot;Pr\\u00f3ximo&quot;,&quot;step_previous_label&quot;:&quot;Anterior&quot;,&quot;step_type&quot;:&quot;progress_bar&quot;,&quot;button_width&quot;:&quot;100&quot;}\" data-widget_type=\"form.default\">\n\t\t\t\t<div class=\"elementor-widget-container\">\n\t\t\t\t\t\t\t<form class=\"elementor-form\" method=\"post\" name=\"Fomul\u00e1rio de contato\" aria-label=\"Fomul\u00e1rio de contato\">\n\t\t\t<input type=\"hidden\" name=\"post_id\" value=\"103\"\/>\n\t\t\t<input type=\"hidden\" name=\"form_id\" value=\"bb3c5a7\"\/>\n\t\t\t<input type=\"hidden\" name=\"referer_title\" value=\"Contato - Smartform Uniformes Profissionais\" \/>\n\n\t\t\t\t\t\t\t<input type=\"hidden\" name=\"queried_id\" value=\"103\"\/>\n\t\t\t\n\t\t\t<div class=\"elementor-form-fields-wrapper elementor-labels-\">\n\t\t\t\t\t\t\t\t<div class=\"elementor-field-type-text elementor-field-group elementor-column elementor-field-group-nome elementor-col-50 elementor-field-required\">\n\t\t\t\t\t\t\t\t\t\t\t\t<label for=\"form-field-nome\" class=\"elementor-field-label elementor-screen-only\">\n\t\t\t\t\t\t\t\tNome\t\t\t\t\t\t\t<\/label>\n\t\t\t\t\t\t\t\t\t\t\t\t\t\t<input size=\"1\" type=\"text\" name=\"form_fields[nome]\" id=\"form-field-nome\" class=\"elementor-field elementor-size-sm  elementor-field-textual\" placeholder=\"Nome\" required=\"required\">\n\t\t\t\t\t\t\t\t\t\t\t<\/div>\n\t\t\t\t\t\t\t\t<div class=\"elementor-field-type-tel elementor-field-group elementor-column elementor-field-group-telefone elementor-col-50 elementor-field-required\">\n\t\t\t\t\t\t\t\t\t\t\t\t<label for=\"form-field-telefone\" class=\"elementor-field-label elementor-screen-only\">\n\t\t\t\t\t\t\t\tTelefone\t\t\t\t\t\t\t<\/label>\n\t\t\t\t\t\t\t\t<input size=\"1\" type=\"tel\" name=\"form_fields[telefone]\" id=\"form-field-telefone\" class=\"elementor-field elementor-size-sm  elementor-field-textual\" placeholder=\"DDD + Telefone\" required=\"required\" pattern=\"[0-9()#&amp;+*-=.]+\" title=\"Apenas n\u00fameros e caracteres de telefone (#, -, *, etc.) s\u00e3o aceitos.\">\n\n\t\t\t\t\t\t<\/div>\n\t\t\t\t\t\t\t\t<div class=\"elementor-field-type-email elementor-field-group elementor-column elementor-field-group-email elementor-col-100 elementor-field-required\">\n\t\t\t\t\t\t\t\t\t\t\t\t<label for=\"form-field-email\" class=\"elementor-field-label elementor-screen-only\">\n\t\t\t\t\t\t\t\tEmail\t\t\t\t\t\t\t<\/label>\n\t\t\t\t\t\t\t\t\t\t\t\t\t\t<input size=\"1\" type=\"email\" name=\"form_fields[email]\" id=\"form-field-email\" class=\"elementor-field elementor-size-sm  elementor-field-textual\" placeholder=\"Email\" required=\"required\">\n\t\t\t\t\t\t\t\t\t\t\t<\/div>\n\t\t\t\t\t\t\t\t<div class=\"elementor-field-type-text elementor-field-group elementor-column elementor-field-group-field_1 elementor-col-100\">\n\t\t\t\t\t\t\t\t\t\t\t\t<label for=\"form-field-field_1\" class=\"elementor-field-label elementor-screen-only\">\n\t\t\t\t\t\t\t\tAssunto\t\t\t\t\t\t\t<\/label>\n\t\t\t\t\t\t\t\t\t\t\t\t\t\t<input size=\"1\" type=\"text\" name=\"form_fields[field_1]\" id=\"form-field-field_1\" class=\"elementor-field elementor-size-sm  elementor-field-textual\" placeholder=\"Assunto\">\n\t\t\t\t\t\t\t\t\t\t\t<\/div>\n\t\t\t\t\t\t\t\t<div class=\"elementor-field-type-textarea elementor-field-group elementor-column elementor-field-group-mensagem elementor-col-100 elementor-field-required\">\n\t\t\t\t\t\t\t\t\t\t\t\t<label for=\"form-field-mensagem\" class=\"elementor-field-label elementor-screen-only\">\n\t\t\t\t\t\t\t\tMensagem\t\t\t\t\t\t\t<\/label>\n\t\t\t\t\t\t<textarea class=\"elementor-field-textual elementor-field  elementor-size-sm\" name=\"form_fields[mensagem]\" id=\"form-field-mensagem\" rows=\"5\" placeholder=\"Mensagem\" required=\"required\"><\/textarea>\t\t\t\t<\/div>\n\t\t\t\t\t\t\t\t<div class=\"elementor-field-type-upload elementor-field-group elementor-column elementor-field-group-field_d98d702 elementor-col-100\">\n\t\t\t\t\t\t\t<input type=\"file\" name=\"form_fields[field_d98d702][]\" id=\"form-field-field_d98d702\" class=\"elementor-field elementor-size-sm  elementor-upload-field\" multiple=\"multiple\">\n\n\t\t\t\t\t\t<\/div>\n\t\t\t\t\t\t\t\t<div class=\"elementor-field-group elementor-column elementor-field-type-submit elementor-col-100 e-form__buttons\">\n\t\t\t\t\t<button class=\"elementor-button elementor-size-sm elementor-animation-grow\" type=\"submit\">\n\t\t\t\t\t\t<span class=\"elementor-button-content-wrapper\">\n\t\t\t\t\t\t\t\t\t\t\t\t\t\t\t<span class=\"elementor-button-icon\">\n\t\t\t\t\t\t\t\t\t<svg aria-hidden=\"true\" class=\"e-font-icon-svg e-fas-check\" viewBox=\"0 0 512 512\" xmlns=\"http:\/\/www.w3.org\/2000\/svg\"><path d=\"M173.898 439.404l-166.4-166.4c-9.997-9.997-9.997-26.206 0-36.204l36.203-36.204c9.997-9.998 26.207-9.998 36.204 0L192 312.69 432.095 72.596c9.997-9.997 26.207-9.997 36.204 0l36.203 36.204c9.997 9.997 9.997 26.206 0 36.204l-294.4 294.401c-9.998 9.997-26.207 9.997-36.204-.001z\"><\/path><\/svg>\t\t\t\t\t\t\t\t\t\t\t\t\t\t\t\t\t<\/span>\n\t\t\t\t\t\t\t\t\t\t\t\t\t\t\t\t\t\t\t\t\t\t<span class=\"elementor-button-text\">Enviar<\/span>\n\t\t\t\t\t\t\t\t\t\t\t\t\t<\/span>\n\t\t\t\t\t<\/button>\n\t\t\t\t<\/div>\n\t\t\t<\/div>\n\t\t<\/form>\n\t\t\t\t\t\t<\/div>\n\t\t\t\t<\/div>\n\t\t\t\t\t<\/div>\n\t\t<\/div>\n\t\t\t\t\t<\/div>\n\t\t<\/section>\n\t\t\t\t<section class=\"elementor-section elementor-top-section elementor-element elementor-element-5394c2f elementor-section-full_width elementor-section-height-default elementor-section-height-default\" data-id=\"5394c2f\" data-element_type=\"section\" data-e-type=\"section\">\n\t\t\t\t\t\t<div class=\"elementor-container elementor-column-gap-default\">\n\t\t\t\t\t<div class=\"elementor-column elementor-col-100 elementor-top-column elementor-element elementor-element-39fa345\" data-id=\"39fa345\" data-element_type=\"column\" data-e-type=\"column\">\n\t\t\t<div class=\"elementor-widget-wrap elementor-element-populated\">\n\t\t\t\t\t\t<div class=\"elementor-element elementor-element-879b05d elementor-widget elementor-widget-heading\" data-id=\"879b05d\" data-element_type=\"widget\" data-e-type=\"widget\" data-widget_type=\"heading.default\">\n\t\t\t\t<div class=\"elementor-widget-container\">\n\t\t\t\t\t<h2 class=\"elementor-heading-title elementor-size-default\">Caso prefira outra forma para contato, ainda temos:<\/h2>\t\t\t\t<\/div>\n\t\t\t\t<\/div>\n\t\t\t\t\t<\/div>\n\t\t<\/div>\n\t\t\t\t\t<\/div>\n\t\t<\/section>\n\t\t\t\t<section class=\"elementor-section elementor-top-section elementor-element elementor-element-bc11fdd elementor-section-full_width elementor-section-height-default elementor-section-height-default\" data-id=\"bc11fdd\" data-element_type=\"section\" data-e-type=\"section\">\n\t\t\t\t\t\t<div class=\"elementor-container elementor-column-gap-extended\">\n\t\t\t\t\t<div class=\"elementor-column elementor-col-33 elementor-top-column elementor-element elementor-element-1bcebb3\" data-id=\"1bcebb3\" data-element_type=\"column\" data-e-type=\"column\">\n\t\t\t<div class=\"elementor-widget-wrap elementor-element-populated\">\n\t\t\t\t\t\t<div class=\"elementor-element elementor-element-ed75dde elementor-view-default elementor-position-block-start elementor-mobile-position-block-start elementor-widget elementor-widget-icon-box\" data-id=\"ed75dde\" data-element_type=\"widget\" data-e-type=\"widget\" data-widget_type=\"icon-box.default\">\n\t\t\t\t<div class=\"elementor-widget-container\">\n\t\t\t\t\t\t\t<div class=\"elementor-icon-box-wrapper\">\n\n\t\t\t\t\t\t<div class=\"elementor-icon-box-icon\">\n\t\t\t\t<a href=\"https:\/\/api.whatsapp.com\/send?phone=5521997665455\" class=\"elementor-icon\" tabindex=\"-1\" aria-label=\"(21) 99766-5455\">\n\t\t\t\t<svg aria-hidden=\"true\" class=\"e-font-icon-svg e-fab-whatsapp\" viewBox=\"0 0 448 512\" xmlns=\"http:\/\/www.w3.org\/2000\/svg\"><path d=\"M380.9 97.1C339 55.1 283.2 32 223.9 32c-122.4 0-222 99.6-222 222 0 39.1 10.2 77.3 29.6 111L0 480l117.7-30.9c32.4 17.7 68.9 27 106.1 27h.1c122.3 0 224.1-99.6 224.1-222 0-59.3-25.2-115-67.1-157zm-157 341.6c-33.2 0-65.7-8.9-94-25.7l-6.7-4-69.8 18.3L72 359.2l-4.4-7c-18.5-29.4-28.2-63.3-28.2-98.2 0-101.7 82.8-184.5 184.6-184.5 49.3 0 95.6 19.2 130.4 54.1 34.8 34.9 56.2 81.2 56.1 130.5 0 101.8-84.9 184.6-186.6 184.6zm101.2-138.2c-5.5-2.8-32.8-16.2-37.9-18-5.1-1.9-8.8-2.8-12.5 2.8-3.7 5.6-14.3 18-17.6 21.8-3.2 3.7-6.5 4.2-12 1.4-32.6-16.3-54-29.1-75.5-66-5.7-9.8 5.7-9.1 16.3-30.3 1.8-3.7.9-6.9-.5-9.7-1.4-2.8-12.5-30.1-17.1-41.2-4.5-10.8-9.1-9.3-12.5-9.5-3.2-.2-6.9-.2-10.6-.2-3.7 0-9.7 1.4-14.8 6.9-5.1 5.6-19.4 19-19.4 46.3 0 27.3 19.9 53.7 22.6 57.4 2.8 3.7 39.1 59.7 94.8 83.8 35.2 15.2 49 16.5 66.6 13.9 10.7-1.6 32.8-13.4 37.4-26.4 4.6-13 4.6-24.1 3.2-26.4-1.3-2.5-5-3.9-10.5-6.6z\"><\/path><\/svg>\t\t\t\t<\/a>\n\t\t\t<\/div>\n\t\t\t\n\t\t\t\t\t\t<div class=\"elementor-icon-box-content\">\n\n\t\t\t\t\t\t\t\t\t<h3 class=\"elementor-icon-box-title\">\n\t\t\t\t\t\t<a href=\"https:\/\/api.whatsapp.com\/send?phone=5521997665455\" >\n\t\t\t\t\t\t\t(21) 99766-5455\t\t\t\t\t\t<\/a>\n\t\t\t\t\t<\/h3>\n\t\t\t\t\n\t\t\t\t\n\t\t\t<\/div>\n\t\t\t\n\t\t<\/div>\n\t\t\t\t\t\t<\/div>\n\t\t\t\t<\/div>\n\t\t\t\t\t<\/div>\n\t\t<\/div>\n\t\t\t\t<div class=\"elementor-column elementor-col-33 elementor-top-column elementor-element elementor-element-d46a74e\" data-id=\"d46a74e\" data-element_type=\"column\" data-e-type=\"column\" data-settings=\"{&quot;background_background&quot;:&quot;classic&quot;}\">\n\t\t\t<div class=\"elementor-widget-wrap elementor-element-populated\">\n\t\t\t\t\t\t<div class=\"elementor-element elementor-element-bc07b83 elementor-view-default elementor-position-block-start elementor-mobile-position-block-start elementor-widget elementor-widget-icon-box\" data-id=\"bc07b83\" data-element_type=\"widget\" data-e-type=\"widget\" data-widget_type=\"icon-box.default\">\n\t\t\t\t<div class=\"elementor-widget-container\">\n\t\t\t\t\t\t\t<div class=\"elementor-icon-box-wrapper\">\n\n\t\t\t\t\t\t<div class=\"elementor-icon-box-icon\">\n\t\t\t\t<a href=\"tel:2132764969\" class=\"elementor-icon\" tabindex=\"-1\" aria-label=\"(21) 3276-4969\">\n\t\t\t\t<svg aria-hidden=\"true\" class=\"e-font-icon-svg e-fas-phone-alt\" viewBox=\"0 0 512 512\" xmlns=\"http:\/\/www.w3.org\/2000\/svg\"><path d=\"M497.39 361.8l-112-48a24 24 0 0 0-28 6.9l-49.6 60.6A370.66 370.66 0 0 1 130.6 204.11l60.6-49.6a23.94 23.94 0 0 0 6.9-28l-48-112A24.16 24.16 0 0 0 122.6.61l-104 24A24 24 0 0 0 0 48c0 256.5 207.9 464 464 464a24 24 0 0 0 23.4-18.6l24-104a24.29 24.29 0 0 0-14.01-27.6z\"><\/path><\/svg>\t\t\t\t<\/a>\n\t\t\t<\/div>\n\t\t\t\n\t\t\t\t\t\t<div class=\"elementor-icon-box-content\">\n\n\t\t\t\t\t\t\t\t\t<h3 class=\"elementor-icon-box-title\">\n\t\t\t\t\t\t<a href=\"tel:2132764969\" >\n\t\t\t\t\t\t\t(21) 3276-4969\t\t\t\t\t\t<\/a>\n\t\t\t\t\t<\/h3>\n\t\t\t\t\n\t\t\t\t\n\t\t\t<\/div>\n\t\t\t\n\t\t<\/div>\n\t\t\t\t\t\t<\/div>\n\t\t\t\t<\/div>\n\t\t\t\t\t<\/div>\n\t\t<\/div>\n\t\t\t\t<div class=\"elementor-column elementor-col-33 elementor-top-column elementor-element elementor-element-cff55e0\" data-id=\"cff55e0\" data-element_type=\"column\" data-e-type=\"column\" data-settings=\"{&quot;background_background&quot;:&quot;classic&quot;}\">\n\t\t\t<div class=\"elementor-widget-wrap elementor-element-populated\">\n\t\t\t\t\t\t<div class=\"elementor-element elementor-element-c1e3ab2 elementor-view-default elementor-position-block-start elementor-mobile-position-block-start elementor-widget elementor-widget-icon-box\" data-id=\"c1e3ab2\" data-element_type=\"widget\" data-e-type=\"widget\" data-widget_type=\"icon-box.default\">\n\t\t\t\t<div class=\"elementor-widget-container\">\n\t\t\t\t\t\t\t<div class=\"elementor-icon-box-wrapper\">\n\n\t\t\t\t\t\t<div class=\"elementor-icon-box-icon\">\n\t\t\t\t<a href=\"mailto:contato@smartform.com.br\" class=\"elementor-icon\" tabindex=\"-1\" aria-label=\"contato@smartform.com.br\">\n\t\t\t\t<svg aria-hidden=\"true\" class=\"e-font-icon-svg e-fas-mail-bulk\" viewBox=\"0 0 576 512\" xmlns=\"http:\/\/www.w3.org\/2000\/svg\"><path d=\"M160 448c-25.6 0-51.2-22.4-64-32-64-44.8-83.2-60.8-96-70.4V480c0 17.67 14.33 32 32 32h256c17.67 0 32-14.33 32-32V345.6c-12.8 9.6-32 25.6-96 70.4-12.8 9.6-38.4 32-64 32zm128-192H32c-17.67 0-32 14.33-32 32v16c25.6 19.2 22.4 19.2 115.2 86.4 9.6 6.4 28.8 25.6 44.8 25.6s35.2-19.2 44.8-22.4c92.8-67.2 89.6-67.2 115.2-86.4V288c0-17.67-14.33-32-32-32zm256-96H224c-17.67 0-32 14.33-32 32v32h96c33.21 0 60.59 25.42 63.71 57.82l.29-.22V416h192c17.67 0 32-14.33 32-32V192c0-17.67-14.33-32-32-32zm-32 128h-64v-64h64v64zm-352-96c0-35.29 28.71-64 64-64h224V32c0-17.67-14.33-32-32-32H96C78.33 0 64 14.33 64 32v192h96v-32z\"><\/path><\/svg>\t\t\t\t<\/a>\n\t\t\t<\/div>\n\t\t\t\n\t\t\t\t\t\t<div class=\"elementor-icon-box-content\">\n\n\t\t\t\t\t\t\t\t\t<h3 class=\"elementor-icon-box-title\">\n\t\t\t\t\t\t<a href=\"mailto:contato@smartform.com.br\" >\n\t\t\t\t\t\t\tcontato@smartform.com.br\t\t\t\t\t\t<\/a>\n\t\t\t\t\t<\/h3>\n\t\t\t\t\n\t\t\t\t\n\t\t\t<\/div>\n\t\t\t\n\t\t<\/div>\n\t\t\t\t\t\t<\/div>\n\t\t\t\t<\/div>\n\t\t\t\t\t<\/div>\n\t\t<\/div>\n\t\t\t\t\t<\/div>\n\t\t<\/section>\n\t\t\t\t<\/div>\n\t\t","protected":false},"excerpt":{"rendered":"<p>Entre em contato conosco! Ser\u00e1 um prazer te conhecer e responder suas d\u00favidas Caso prefira outra forma para contato, ainda temos: (21) 99766-5455 (21) 3276-4969 contato@smartform.com.br<\/p>\n","protected":false},"author":1,"featured_media":9,"parent":0,"menu_order":0,"comment_status":"closed","ping_status":"closed","template":"elementor_header_footer","meta":{"footnotes":""},"class_list":["post-103","page","type-page","status-publish","has-post-thumbnail","hentry"],"yoast_head":"<!-- This site is optimized with the Yoast SEO plugin v27.4 - https:\/\/yoast.com\/product\/yoast-seo-wordpress\/ -->\n<title>Contato - Smartform Uniformes Profissionais<\/title>\n<meta name=\"description\" content=\"Entre em contato conosco para tirar d\u00favidas, pedir informa\u00e7\u00f5es ou pedir or\u00e7amento de seus uniformes profissionais personalizados!\" \/>\n<meta name=\"robots\" content=\"index, follow, max-snippet:-1, max-image-preview:large, max-video-preview:-1\" \/>\n<link rel=\"canonical\" href=\"https:\/\/smartform.com.br\/uniformes-profissionais\/contato\/\" \/>\n<meta property=\"og:locale\" content=\"pt_BR\" \/>\n<meta property=\"og:type\" content=\"article\" \/>\n<meta property=\"og:title\" content=\"Contato - Smartform Uniformes Profissionais\" \/>\n<meta property=\"og:description\" content=\"Entre em contato conosco para tirar d\u00favidas, pedir informa\u00e7\u00f5es ou pedir or\u00e7amento de seus uniformes profissionais personalizados!\" \/>\n<meta property=\"og:url\" content=\"https:\/\/smartform.com.br\/uniformes-profissionais\/contato\/\" \/>\n<meta property=\"og:site_name\" content=\"Smartform Uniformes Profissionais\" \/>\n<meta property=\"article:modified_time\" content=\"2023-05-18T15:12:53+00:00\" \/>\n<meta property=\"og:image\" content=\"https:\/\/smartform.com.br\/wp-content\/uploads\/2019\/08\/Smartform-Logo.png\" \/>\n\t<meta property=\"og:image:width\" content=\"433\" \/>\n\t<meta property=\"og:image:height\" content=\"429\" \/>\n\t<meta property=\"og:image:type\" content=\"image\/png\" \/>\n<meta name=\"twitter:card\" content=\"summary_large_image\" \/>\n<meta name=\"twitter:label1\" content=\"Est. tempo de leitura\" \/>\n\t<meta name=\"twitter:data1\" content=\"1 minuto\" \/>\n<script type=\"application\/ld+json\" class=\"yoast-schema-graph\">{\"@context\":\"https:\\\/\\\/schema.org\",\"@graph\":[{\"@type\":\"WebPage\",\"@id\":\"https:\\\/\\\/smartform.com.br\\\/uniformes-profissionais\\\/contato\\\/\",\"url\":\"https:\\\/\\\/smartform.com.br\\\/uniformes-profissionais\\\/contato\\\/\",\"name\":\"Contato - Smartform Uniformes Profissionais\",\"isPartOf\":{\"@id\":\"https:\\\/\\\/smartform.com.br\\\/uniformes-profissionais\\\/#website\"},\"primaryImageOfPage\":{\"@id\":\"https:\\\/\\\/smartform.com.br\\\/uniformes-profissionais\\\/contato\\\/#primaryimage\"},\"image\":{\"@id\":\"https:\\\/\\\/smartform.com.br\\\/uniformes-profissionais\\\/contato\\\/#primaryimage\"},\"thumbnailUrl\":\"https:\\\/\\\/smartform.com.br\\\/wp-content\\\/uploads\\\/2019\\\/08\\\/Smartform-Logo.png\",\"datePublished\":\"2019-09-18T23:05:37+00:00\",\"dateModified\":\"2023-05-18T15:12:53+00:00\",\"description\":\"Entre em contato conosco para tirar d\u00favidas, pedir informa\u00e7\u00f5es ou pedir or\u00e7amento de seus uniformes profissionais personalizados!\",\"breadcrumb\":{\"@id\":\"https:\\\/\\\/smartform.com.br\\\/uniformes-profissionais\\\/contato\\\/#breadcrumb\"},\"inLanguage\":\"pt-BR\",\"potentialAction\":[{\"@type\":\"ReadAction\",\"target\":[\"https:\\\/\\\/smartform.com.br\\\/uniformes-profissionais\\\/contato\\\/\"]}]},{\"@type\":\"ImageObject\",\"inLanguage\":\"pt-BR\",\"@id\":\"https:\\\/\\\/smartform.com.br\\\/uniformes-profissionais\\\/contato\\\/#primaryimage\",\"url\":\"https:\\\/\\\/smartform.com.br\\\/wp-content\\\/uploads\\\/2019\\\/08\\\/Smartform-Logo.png\",\"contentUrl\":\"https:\\\/\\\/smartform.com.br\\\/wp-content\\\/uploads\\\/2019\\\/08\\\/Smartform-Logo.png\",\"width\":433,\"height\":429,\"caption\":\"Smartform a forma inteligente de escolher uniforme profissionais personalizados\"},{\"@type\":\"BreadcrumbList\",\"@id\":\"https:\\\/\\\/smartform.com.br\\\/uniformes-profissionais\\\/contato\\\/#breadcrumb\",\"itemListElement\":[{\"@type\":\"ListItem\",\"position\":1,\"name\":\"In\u00edcio\",\"item\":\"https:\\\/\\\/smartform.com.br\\\/uniformes-profissionais\\\/\"},{\"@type\":\"ListItem\",\"position\":2,\"name\":\"Contato\"}]},{\"@type\":\"WebSite\",\"@id\":\"https:\\\/\\\/smartform.com.br\\\/uniformes-profissionais\\\/#website\",\"url\":\"https:\\\/\\\/smartform.com.br\\\/uniformes-profissionais\\\/\",\"name\":\"Smartform Uniformes Profissionais\",\"description\":\"Uniformes Profissionais Personalizados\",\"publisher\":{\"@id\":\"https:\\\/\\\/smartform.com.br\\\/uniformes-profissionais\\\/#organization\"},\"potentialAction\":[{\"@type\":\"SearchAction\",\"target\":{\"@type\":\"EntryPoint\",\"urlTemplate\":\"https:\\\/\\\/smartform.com.br\\\/uniformes-profissionais\\\/?s={search_term_string}\"},\"query-input\":{\"@type\":\"PropertyValueSpecification\",\"valueRequired\":true,\"valueName\":\"search_term_string\"}}],\"inLanguage\":\"pt-BR\"},{\"@type\":\"Organization\",\"@id\":\"https:\\\/\\\/smartform.com.br\\\/uniformes-profissionais\\\/#organization\",\"name\":\"Smartform\",\"url\":\"https:\\\/\\\/smartform.com.br\\\/uniformes-profissionais\\\/\",\"logo\":{\"@type\":\"ImageObject\",\"inLanguage\":\"pt-BR\",\"@id\":\"https:\\\/\\\/smartform.com.br\\\/uniformes-profissionais\\\/#\\\/schema\\\/logo\\\/image\\\/\",\"url\":\"https:\\\/\\\/smartform.com.br\\\/wp-content\\\/uploads\\\/2019\\\/09\\\/Logo-Horizontal-Smartform-Preto.png\",\"contentUrl\":\"https:\\\/\\\/smartform.com.br\\\/wp-content\\\/uploads\\\/2019\\\/09\\\/Logo-Horizontal-Smartform-Preto.png\",\"width\":1536,\"height\":394,\"caption\":\"Smartform\"},\"image\":{\"@id\":\"https:\\\/\\\/smartform.com.br\\\/uniformes-profissionais\\\/#\\\/schema\\\/logo\\\/image\\\/\"}}]}<\/script>\n<!-- \/ Yoast SEO plugin. -->","yoast_head_json":{"title":"Contato - Smartform Uniformes Profissionais","description":"Entre em contato conosco para tirar d\u00favidas, pedir informa\u00e7\u00f5es ou pedir or\u00e7amento de seus uniformes profissionais personalizados!","robots":{"index":"index","follow":"follow","max-snippet":"max-snippet:-1","max-image-preview":"max-image-preview:large","max-video-preview":"max-video-preview:-1"},"canonical":"https:\/\/smartform.com.br\/uniformes-profissionais\/contato\/","og_locale":"pt_BR","og_type":"article","og_title":"Contato - Smartform Uniformes Profissionais","og_description":"Entre em contato conosco para tirar d\u00favidas, pedir informa\u00e7\u00f5es ou pedir or\u00e7amento de seus uniformes profissionais personalizados!","og_url":"https:\/\/smartform.com.br\/uniformes-profissionais\/contato\/","og_site_name":"Smartform Uniformes Profissionais","article_modified_time":"2023-05-18T15:12:53+00:00","og_image":[{"width":433,"height":429,"url":"https:\/\/smartform.com.br\/wp-content\/uploads\/2019\/08\/Smartform-Logo.png","type":"image\/png"}],"twitter_card":"summary_large_image","twitter_misc":{"Est. tempo de leitura":"1 minuto"},"schema":{"@context":"https:\/\/schema.org","@graph":[{"@type":"WebPage","@id":"https:\/\/smartform.com.br\/uniformes-profissionais\/contato\/","url":"https:\/\/smartform.com.br\/uniformes-profissionais\/contato\/","name":"Contato - Smartform Uniformes Profissionais","isPartOf":{"@id":"https:\/\/smartform.com.br\/uniformes-profissionais\/#website"},"primaryImageOfPage":{"@id":"https:\/\/smartform.com.br\/uniformes-profissionais\/contato\/#primaryimage"},"image":{"@id":"https:\/\/smartform.com.br\/uniformes-profissionais\/contato\/#primaryimage"},"thumbnailUrl":"https:\/\/smartform.com.br\/wp-content\/uploads\/2019\/08\/Smartform-Logo.png","datePublished":"2019-09-18T23:05:37+00:00","dateModified":"2023-05-18T15:12:53+00:00","description":"Entre em contato conosco para tirar d\u00favidas, pedir informa\u00e7\u00f5es ou pedir or\u00e7amento de seus uniformes profissionais personalizados!","breadcrumb":{"@id":"https:\/\/smartform.com.br\/uniformes-profissionais\/contato\/#breadcrumb"},"inLanguage":"pt-BR","potentialAction":[{"@type":"ReadAction","target":["https:\/\/smartform.com.br\/uniformes-profissionais\/contato\/"]}]},{"@type":"ImageObject","inLanguage":"pt-BR","@id":"https:\/\/smartform.com.br\/uniformes-profissionais\/contato\/#primaryimage","url":"https:\/\/smartform.com.br\/wp-content\/uploads\/2019\/08\/Smartform-Logo.png","contentUrl":"https:\/\/smartform.com.br\/wp-content\/uploads\/2019\/08\/Smartform-Logo.png","width":433,"height":429,"caption":"Smartform a forma inteligente de escolher uniforme profissionais personalizados"},{"@type":"BreadcrumbList","@id":"https:\/\/smartform.com.br\/uniformes-profissionais\/contato\/#breadcrumb","itemListElement":[{"@type":"ListItem","position":1,"name":"In\u00edcio","item":"https:\/\/smartform.com.br\/uniformes-profissionais\/"},{"@type":"ListItem","position":2,"name":"Contato"}]},{"@type":"WebSite","@id":"https:\/\/smartform.com.br\/uniformes-profissionais\/#website","url":"https:\/\/smartform.com.br\/uniformes-profissionais\/","name":"Smartform Uniformes Profissionais","description":"Uniformes Profissionais Personalizados","publisher":{"@id":"https:\/\/smartform.com.br\/uniformes-profissionais\/#organization"},"potentialAction":[{"@type":"SearchAction","target":{"@type":"EntryPoint","urlTemplate":"https:\/\/smartform.com.br\/uniformes-profissionais\/?s={search_term_string}"},"query-input":{"@type":"PropertyValueSpecification","valueRequired":true,"valueName":"search_term_string"}}],"inLanguage":"pt-BR"},{"@type":"Organization","@id":"https:\/\/smartform.com.br\/uniformes-profissionais\/#organization","name":"Smartform","url":"https:\/\/smartform.com.br\/uniformes-profissionais\/","logo":{"@type":"ImageObject","inLanguage":"pt-BR","@id":"https:\/\/smartform.com.br\/uniformes-profissionais\/#\/schema\/logo\/image\/","url":"https:\/\/smartform.com.br\/wp-content\/uploads\/2019\/09\/Logo-Horizontal-Smartform-Preto.png","contentUrl":"https:\/\/smartform.com.br\/wp-content\/uploads\/2019\/09\/Logo-Horizontal-Smartform-Preto.png","width":1536,"height":394,"caption":"Smartform"},"image":{"@id":"https:\/\/smartform.com.br\/uniformes-profissionais\/#\/schema\/logo\/image\/"}}]}},"_links":{"self":[{"href":"https:\/\/smartform.com.br\/uniformes-profissionais\/wp-json\/wp\/v2\/pages\/103","targetHints":{"allow":["GET"]}}],"collection":[{"href":"https:\/\/smartform.com.br\/uniformes-profissionais\/wp-json\/wp\/v2\/pages"}],"about":[{"href":"https:\/\/smartform.com.br\/uniformes-profissionais\/wp-json\/wp\/v2\/types\/page"}],"author":[{"embeddable":true,"href":"https:\/\/smartform.com.br\/uniformes-profissionais\/wp-json\/wp\/v2\/users\/1"}],"replies":[{"embeddable":true,"href":"https:\/\/smartform.com.br\/uniformes-profissionais\/wp-json\/wp\/v2\/comments?post=103"}],"version-history":[{"count":99,"href":"https:\/\/smartform.com.br\/uniformes-profissionais\/wp-json\/wp\/v2\/pages\/103\/revisions"}],"predecessor-version":[{"id":2294,"href":"https:\/\/smartform.com.br\/uniformes-profissionais\/wp-json\/wp\/v2\/pages\/103\/revisions\/2294"}],"wp:featuredmedia":[{"embeddable":true,"href":"https:\/\/smartform.com.br\/uniformes-profissionais\/wp-json\/wp\/v2\/media\/9"}],"wp:attachment":[{"href":"https:\/\/smartform.com.br\/uniformes-profissionais\/wp-json\/wp\/v2\/media?parent=103"}],"curies":[{"name":"wp","href":"https:\/\/api.w.org\/{rel}","templated":true}]}}