{"id":55,"date":"2019-09-10T12:12:14","date_gmt":"2019-09-10T15:12:14","guid":{"rendered":"https:\/\/smartform.com.br\/?page_id=55"},"modified":"2022-08-26T14:58:07","modified_gmt":"2022-08-26T17:58:07","slug":"nossa-empresa","status":"publish","type":"page","link":"https:\/\/smartform.com.br\/uniformes-profissionais\/nossa-empresa\/","title":{"rendered":"Nossa empresa"},"content":{"rendered":"\t\t<div data-elementor-type=\"wp-post\" data-elementor-id=\"55\" class=\"elementor elementor-55\" data-elementor-post-type=\"page\">\n\t\t\t\t\t\t<section class=\"elementor-section elementor-top-section elementor-element elementor-element-0ef0817 elementor-section-full_width elementor-section-height-default elementor-section-height-default\" data-id=\"0ef0817\" data-element_type=\"section\" data-e-type=\"section\">\n\t\t\t\t\t\t<div class=\"elementor-container elementor-column-gap-default\">\n\t\t\t\t\t<div class=\"elementor-column elementor-col-100 elementor-top-column elementor-element elementor-element-37320d7\" data-id=\"37320d7\" data-element_type=\"column\" data-e-type=\"column\">\n\t\t\t<div class=\"elementor-widget-wrap elementor-element-populated\">\n\t\t\t\t\t\t<div class=\"elementor-element elementor-element-2c7f2a2 elementor-headline--style-highlight elementor-widget elementor-widget-animated-headline\" data-id=\"2c7f2a2\" data-element_type=\"widget\" data-e-type=\"widget\" data-settings=\"{&quot;marker&quot;:&quot;underline&quot;,&quot;highlighted_text&quot;:&quot;Nossa Hist\\u00f3ria&quot;,&quot;headline_style&quot;:&quot;highlight&quot;,&quot;loop&quot;:&quot;yes&quot;,&quot;highlight_animation_duration&quot;:1200,&quot;highlight_iteration_delay&quot;:8000}\" data-widget_type=\"animated-headline.default\">\n\t\t\t\t<div class=\"elementor-widget-container\">\n\t\t\t\t\t\t\t<h1 class=\"elementor-headline\">\n\t\t\t\t<span class=\"elementor-headline-dynamic-wrapper elementor-headline-text-wrapper\">\n\t\t\t\t\t<span class=\"elementor-headline-dynamic-text elementor-headline-text-active\">Nossa Hist\u00f3ria<\/span>\n\t\t\t\t<\/span>\n\t\t\t\t<\/h1>\n\t\t\t\t\t\t<\/div>\n\t\t\t\t<\/div>\n\t\t\t\t\t<\/div>\n\t\t<\/div>\n\t\t\t\t\t<\/div>\n\t\t<\/section>\n\t\t\t\t<section class=\"elementor-section elementor-top-section elementor-element elementor-element-f6d036e elementor-section-full_width elementor-section-height-default elementor-section-height-default\" data-id=\"f6d036e\" data-element_type=\"section\" data-e-type=\"section\" data-settings=\"{&quot;background_background&quot;:&quot;gradient&quot;}\">\n\t\t\t\t\t\t<div class=\"elementor-container elementor-column-gap-default\">\n\t\t\t\t\t<div class=\"elementor-column elementor-col-33 elementor-top-column elementor-element elementor-element-706a527\" data-id=\"706a527\" data-element_type=\"column\" data-e-type=\"column\">\n\t\t\t<div class=\"elementor-widget-wrap elementor-element-populated\">\n\t\t\t\t\t\t<div class=\"elementor-element elementor-element-4b01829 elementor-widget elementor-widget-image\" data-id=\"4b01829\" data-element_type=\"widget\" data-e-type=\"widget\" data-widget_type=\"image.default\">\n\t\t\t\t<div class=\"elementor-widget-container\">\n\t\t\t\t\t\t\t\t\t\t\t\t\t\t\t<img fetchpriority=\"high\" decoding=\"async\" width=\"800\" height=\"485\" src=\"https:\/\/smartform.com.br\/wp-content\/uploads\/2021\/04\/Smartform-Quem-somos-1024x621.jpg\" class=\"attachment-large size-large wp-image-1334\" alt=\"\" srcset=\"https:\/\/smartform.com.br\/wp-content\/uploads\/2021\/04\/Smartform-Quem-somos-1024x621.jpg 1024w, https:\/\/smartform.com.br\/wp-content\/uploads\/2021\/04\/Smartform-Quem-somos-300x182.jpg 300w, https:\/\/smartform.com.br\/wp-content\/uploads\/2021\/04\/Smartform-Quem-somos-768x466.jpg 768w, https:\/\/smartform.com.br\/wp-content\/uploads\/2021\/04\/Smartform-Quem-somos.jpg 1536w\" sizes=\"(max-width: 800px) 100vw, 800px\" \/>\t\t\t\t\t\t\t\t\t\t\t\t\t\t\t<\/div>\n\t\t\t\t<\/div>\n\t\t\t\t\t<\/div>\n\t\t<\/div>\n\t\t\t\t<div class=\"elementor-column elementor-col-66 elementor-top-column elementor-element elementor-element-f4da117\" data-id=\"f4da117\" data-element_type=\"column\" data-e-type=\"column\">\n\t\t\t<div class=\"elementor-widget-wrap elementor-element-populated\">\n\t\t\t\t\t\t<div class=\"elementor-element elementor-element-910b6a5 elementor-widget elementor-widget-text-editor\" data-id=\"910b6a5\" data-element_type=\"widget\" data-e-type=\"widget\" data-widget_type=\"text-editor.default\">\n\t\t\t\t<div class=\"elementor-widget-container\">\n\t\t\t\t\t\t\t\t\t<p>Somos uma empresa estabelecida h\u00e1 mais de 20 anos de mercado de uniformes profissionais, dos quais sempre trabalhamos com honestidade, dedica\u00e7\u00e3o e respeito aos nossos clientes para conseguirmos construir uma rela\u00e7\u00e3o de confian\u00e7a e podermos ser mais que simples fornecedores, nos tornando assim parceiros.<\/p><p>Muitos de nossos clientes iniciais acreditaram no nosso trabalho ap\u00f3s ver a paix\u00e3o que o fundador, Marcelo Eduardo, colocava em seu novo neg\u00f3cio. Este que havia acabado de come\u00e7ar sua jornada empreendedora contava apenas com humildes instala\u00e7\u00f5es iniciais, que se situava em uma pequena casa no sub\u00farbio do Rio de Janeiro, e com uma paix\u00e3o pelo seu trabalho.<\/p><p>Com a crescente confian\u00e7a de seus clientes e o aumento de parcerias expandimos e nos aprimoramos para levar o trabalho com paix\u00e3o e qualidade para outras empresas.<\/p><p>Continuamos cada vez mais aprimorando t\u00e9cnicas e buscando novos desafios para oferecer o que h\u00e1 de melhor em nosso setor, pois para n\u00f3s o importante s\u00e3o nossos clientes, amigos e parceiros satisfeitos e seguros da parceria realizada conosco.<\/p>\t\t\t\t\t\t\t\t<\/div>\n\t\t\t\t<\/div>\n\t\t\t\t\t<\/div>\n\t\t<\/div>\n\t\t\t\t\t<\/div>\n\t\t<\/section>\n\t\t\t\t<section class=\"elementor-section elementor-top-section elementor-element elementor-element-3ceea49 elementor-section-full_width elementor-section-height-default elementor-section-height-default\" data-id=\"3ceea49\" data-element_type=\"section\" data-e-type=\"section\">\n\t\t\t\t\t\t<div class=\"elementor-container elementor-column-gap-default\">\n\t\t\t\t\t<div class=\"elementor-column elementor-col-100 elementor-top-column elementor-element elementor-element-09018fe\" data-id=\"09018fe\" data-element_type=\"column\" data-e-type=\"column\">\n\t\t\t<div class=\"elementor-widget-wrap elementor-element-populated\">\n\t\t\t\t\t\t<div class=\"elementor-element elementor-element-6cd0d30 elementor-headline--style-rotate elementor-widget elementor-widget-animated-headline\" data-id=\"6cd0d30\" data-element_type=\"widget\" data-e-type=\"widget\" data-settings=\"{&quot;headline_style&quot;:&quot;rotate&quot;,&quot;animation_type&quot;:&quot;blinds&quot;,&quot;rotating_text&quot;:&quot;Miss\\u00e3o\\nVis\\u00e3o\\nValores&quot;,&quot;loop&quot;:&quot;yes&quot;,&quot;rotate_iteration_delay&quot;:2500}\" data-widget_type=\"animated-headline.default\">\n\t\t\t\t<div class=\"elementor-widget-container\">\n\t\t\t\t\t\t\t<h3 class=\"elementor-headline elementor-headline-animation-type-blinds elementor-headline-letters\">\n\t\t\t\t<span class=\"elementor-headline-dynamic-wrapper elementor-headline-text-wrapper\">\n\t\t\t\t\t<span class=\"elementor-headline-dynamic-text elementor-headline-text-active\">\n\t\t\t\tMiss\u00e3o\t\t\t<\/span>\n\t\t\t\t\t<span class=\"elementor-headline-dynamic-text\">\n\t\t\t\tVis\u00e3o\t\t\t<\/span>\n\t\t\t\t\t<span class=\"elementor-headline-dynamic-text\">\n\t\t\t\tValores\t\t\t<\/span>\n\t\t\t\t\t\t<\/span>\n\t\t\t\t<\/h3>\n\t\t\t\t\t\t<\/div>\n\t\t\t\t<\/div>\n\t\t\t\t\t<\/div>\n\t\t<\/div>\n\t\t\t\t\t<\/div>\n\t\t<\/section>\n\t\t\t\t<section class=\"elementor-section elementor-top-section elementor-element elementor-element-f4f47c1 elementor-section-full_width elementor-section-height-default elementor-section-height-default\" data-id=\"f4f47c1\" data-element_type=\"section\" data-e-type=\"section\" data-settings=\"{&quot;background_background&quot;:&quot;gradient&quot;}\">\n\t\t\t\t\t\t<div class=\"elementor-container elementor-column-gap-default\">\n\t\t\t\t\t<div class=\"elementor-column elementor-col-33 elementor-top-column elementor-element elementor-element-25c34cd\" data-id=\"25c34cd\" data-element_type=\"column\" data-e-type=\"column\" data-settings=\"{&quot;background_background&quot;:&quot;classic&quot;}\">\n\t\t\t<div class=\"elementor-widget-wrap elementor-element-populated\">\n\t\t\t\t\t\t<div class=\"elementor-element elementor-element-e4f4286 elementor-view-default elementor-widget elementor-widget-icon\" data-id=\"e4f4286\" data-element_type=\"widget\" data-e-type=\"widget\" data-widget_type=\"icon.default\">\n\t\t\t\t<div class=\"elementor-widget-container\">\n\t\t\t\t\t\t\t<div class=\"elementor-icon-wrapper\">\n\t\t\t<div class=\"elementor-icon\">\n\t\t\t<svg aria-hidden=\"true\" class=\"e-font-icon-svg e-far-compass\" viewBox=\"0 0 496 512\" xmlns=\"http:\/\/www.w3.org\/2000\/svg\"><path d=\"M347.94 129.86L203.6 195.83a31.938 31.938 0 0 0-15.77 15.77l-65.97 144.34c-7.61 16.65 9.54 33.81 26.2 26.2l144.34-65.97a31.938 31.938 0 0 0 15.77-15.77l65.97-144.34c7.61-16.66-9.54-33.81-26.2-26.2zm-77.36 148.72c-12.47 12.47-32.69 12.47-45.16 0-12.47-12.47-12.47-32.69 0-45.16 12.47-12.47 32.69-12.47 45.16 0 12.47 12.47 12.47 32.69 0 45.16zM248 8C111.03 8 0 119.03 0 256s111.03 248 248 248 248-111.03 248-248S384.97 8 248 8zm0 448c-110.28 0-200-89.72-200-200S137.72 56 248 56s200 89.72 200 200-89.72 200-200 200z\"><\/path><\/svg>\t\t\t<\/div>\n\t\t<\/div>\n\t\t\t\t\t\t<\/div>\n\t\t\t\t<\/div>\n\t\t\t\t<div class=\"elementor-element elementor-element-8acd1c9 elementor-widget elementor-widget-heading\" data-id=\"8acd1c9\" data-element_type=\"widget\" data-e-type=\"widget\" data-widget_type=\"heading.default\">\n\t\t\t\t<div class=\"elementor-widget-container\">\n\t\t\t\t\t<h2 class=\"elementor-heading-title elementor-size-default\">Miss\u00e3o<\/h2>\t\t\t\t<\/div>\n\t\t\t\t<\/div>\n\t\t\t\t<div class=\"elementor-element elementor-element-530e787 elementor-widget elementor-widget-text-editor\" data-id=\"530e787\" data-element_type=\"widget\" data-e-type=\"widget\" data-widget_type=\"text-editor.default\">\n\t\t\t\t<div class=\"elementor-widget-container\">\n\t\t\t\t\t\t\t\t\t<p>Focar nas necessidades de nossos parceiros para sempre fornecer uniformes personalizados de qualidade e com rapidez, tentando sempre oferecer \u00e0 eles o melhor servi\u00e7o poss\u00edvel.<\/p>\t\t\t\t\t\t\t\t<\/div>\n\t\t\t\t<\/div>\n\t\t\t\t\t<\/div>\n\t\t<\/div>\n\t\t\t\t<div class=\"elementor-column elementor-col-33 elementor-top-column elementor-element elementor-element-d1b4621\" data-id=\"d1b4621\" data-element_type=\"column\" data-e-type=\"column\" data-settings=\"{&quot;background_background&quot;:&quot;classic&quot;}\">\n\t\t\t<div class=\"elementor-widget-wrap elementor-element-populated\">\n\t\t\t\t\t\t<div class=\"elementor-element elementor-element-824d060 elementor-view-default elementor-widget elementor-widget-icon\" data-id=\"824d060\" data-element_type=\"widget\" data-e-type=\"widget\" data-widget_type=\"icon.default\">\n\t\t\t\t<div class=\"elementor-widget-container\">\n\t\t\t\t\t\t\t<div class=\"elementor-icon-wrapper\">\n\t\t\t<div class=\"elementor-icon\">\n\t\t\t<svg aria-hidden=\"true\" class=\"e-font-icon-svg e-far-eye\" viewBox=\"0 0 576 512\" xmlns=\"http:\/\/www.w3.org\/2000\/svg\"><path d=\"M288 144a110.94 110.94 0 0 0-31.24 5 55.4 55.4 0 0 1 7.24 27 56 56 0 0 1-56 56 55.4 55.4 0 0 1-27-7.24A111.71 111.71 0 1 0 288 144zm284.52 97.4C518.29 135.59 410.93 64 288 64S57.68 135.64 3.48 241.41a32.35 32.35 0 0 0 0 29.19C57.71 376.41 165.07 448 288 448s230.32-71.64 284.52-177.41a32.35 32.35 0 0 0 0-29.19zM288 400c-98.65 0-189.09-55-237.93-144C98.91 167 189.34 112 288 112s189.09 55 237.93 144C477.1 345 386.66 400 288 400z\"><\/path><\/svg>\t\t\t<\/div>\n\t\t<\/div>\n\t\t\t\t\t\t<\/div>\n\t\t\t\t<\/div>\n\t\t\t\t<div class=\"elementor-element elementor-element-f6caa94 elementor-widget elementor-widget-heading\" data-id=\"f6caa94\" data-element_type=\"widget\" data-e-type=\"widget\" data-widget_type=\"heading.default\">\n\t\t\t\t<div class=\"elementor-widget-container\">\n\t\t\t\t\t<h2 class=\"elementor-heading-title elementor-size-default\">Vis\u00e3o<\/h2>\t\t\t\t<\/div>\n\t\t\t\t<\/div>\n\t\t\t\t<div class=\"elementor-element elementor-element-064f34e elementor-widget elementor-widget-text-editor\" data-id=\"064f34e\" data-element_type=\"widget\" data-e-type=\"widget\" data-widget_type=\"text-editor.default\">\n\t\t\t\t<div class=\"elementor-widget-container\">\n\t\t\t\t\t\t\t\t\t<p>Tornar-se refer\u00eancia no setor de uniformes profissionais, focando sempre no cliente e em nossa equipe.<\/p>\t\t\t\t\t\t\t\t<\/div>\n\t\t\t\t<\/div>\n\t\t\t\t\t<\/div>\n\t\t<\/div>\n\t\t\t\t<div class=\"elementor-column elementor-col-33 elementor-top-column elementor-element elementor-element-71f83d0\" data-id=\"71f83d0\" data-element_type=\"column\" data-e-type=\"column\" data-settings=\"{&quot;background_background&quot;:&quot;classic&quot;}\">\n\t\t\t<div class=\"elementor-widget-wrap elementor-element-populated\">\n\t\t\t\t\t\t<div class=\"elementor-element elementor-element-3965c49 elementor-view-default elementor-widget elementor-widget-icon\" data-id=\"3965c49\" data-element_type=\"widget\" data-e-type=\"widget\" data-widget_type=\"icon.default\">\n\t\t\t\t<div class=\"elementor-widget-container\">\n\t\t\t\t\t\t\t<div class=\"elementor-icon-wrapper\">\n\t\t\t<div class=\"elementor-icon\">\n\t\t\t<svg aria-hidden=\"true\" class=\"e-font-icon-svg e-fas-gem\" viewBox=\"0 0 576 512\" xmlns=\"http:\/\/www.w3.org\/2000\/svg\"><path d=\"M485.5 0L576 160H474.9L405.7 0h79.8zm-128 0l69.2 160H149.3L218.5 0h139zm-267 0h79.8l-69.2 160H0L90.5 0zM0 192h100.7l123 251.7c1.5 3.1-2.7 5.9-5 3.3L0 192zm148.2 0h279.6l-137 318.2c-1 2.4-4.5 2.4-5.5 0L148.2 192zm204.1 251.7l123-251.7H576L357.3 446.9c-2.3 2.7-6.5-.1-5-3.2z\"><\/path><\/svg>\t\t\t<\/div>\n\t\t<\/div>\n\t\t\t\t\t\t<\/div>\n\t\t\t\t<\/div>\n\t\t\t\t<div class=\"elementor-element elementor-element-3a293ce elementor-widget elementor-widget-heading\" data-id=\"3a293ce\" data-element_type=\"widget\" data-e-type=\"widget\" data-widget_type=\"heading.default\">\n\t\t\t\t<div class=\"elementor-widget-container\">\n\t\t\t\t\t<h2 class=\"elementor-heading-title elementor-size-default\">Valores<\/h2>\t\t\t\t<\/div>\n\t\t\t\t<\/div>\n\t\t\t\t<div class=\"elementor-element elementor-element-e1823dc elementor-widget elementor-widget-text-editor\" data-id=\"e1823dc\" data-element_type=\"widget\" data-e-type=\"widget\" data-widget_type=\"text-editor.default\">\n\t\t\t\t<div class=\"elementor-widget-container\">\n\t\t\t\t\t\t\t\t\t<ul><li>Nossos parceiros em primeiro lugar<\/li><li>\u00c9tica<\/li><li>Busca \u00e0 excel\u00eancia<\/li><li>Esp\u00edrito de equipe<\/li><\/ul>\t\t\t\t\t\t\t\t<\/div>\n\t\t\t\t<\/div>\n\t\t\t\t\t<\/div>\n\t\t<\/div>\n\t\t\t\t\t<\/div>\n\t\t<\/section>\n\t\t\t\t<\/div>\n\t\t","protected":false},"excerpt":{"rendered":"<p>Nossa Hist\u00f3ria Somos uma empresa estabelecida h\u00e1 mais de 20 anos de mercado de uniformes profissionais, dos quais sempre trabalhamos com honestidade, dedica\u00e7\u00e3o e respeito aos nossos clientes para conseguirmos construir uma rela\u00e7\u00e3o de confian\u00e7a e podermos ser mais que simples fornecedores, nos tornando assim parceiros. Muitos de nossos clientes iniciais acreditaram no nosso trabalho [&hellip;]<\/p>\n","protected":false},"author":1,"featured_media":9,"parent":0,"menu_order":0,"comment_status":"closed","ping_status":"closed","template":"elementor_header_footer","meta":{"footnotes":""},"class_list":["post-55","page","type-page","status-publish","has-post-thumbnail","hentry"],"yoast_head":"<!-- This site is optimized with the Yoast SEO plugin v27.4 - https:\/\/yoast.com\/product\/yoast-seo-wordpress\/ -->\n<title>Nossa empresa - Smartform Uniformes Profissionais<\/title>\n<meta name=\"description\" content=\"Venha conhecer quem somos e um pouco mais da nossa hist\u00f3ria! Ficamos felizes em compartilhar nossa trajet\u00f3ria no ramo de uniformes com voc\u00eas!\" \/>\n<meta name=\"robots\" content=\"index, follow, max-snippet:-1, max-image-preview:large, max-video-preview:-1\" \/>\n<link rel=\"canonical\" href=\"https:\/\/smartform.com.br\/uniformes-profissionais\/nossa-empresa\/\" \/>\n<meta property=\"og:locale\" content=\"pt_BR\" \/>\n<meta property=\"og:type\" content=\"article\" \/>\n<meta property=\"og:title\" content=\"Nossa empresa - Smartform Uniformes Profissionais\" \/>\n<meta property=\"og:description\" content=\"Venha conhecer quem somos e um pouco mais da nossa hist\u00f3ria! Ficamos felizes em compartilhar nossa trajet\u00f3ria no ramo de uniformes com voc\u00eas!\" \/>\n<meta property=\"og:url\" content=\"https:\/\/smartform.com.br\/uniformes-profissionais\/nossa-empresa\/\" \/>\n<meta property=\"og:site_name\" content=\"Smartform Uniformes Profissionais\" \/>\n<meta property=\"article:modified_time\" content=\"2022-08-26T17:58:07+00:00\" \/>\n<meta property=\"og:image\" content=\"https:\/\/smartform.com.br\/wp-content\/uploads\/2019\/08\/Smartform-Logo.png\" \/>\n\t<meta property=\"og:image:width\" content=\"433\" \/>\n\t<meta property=\"og:image:height\" content=\"429\" \/>\n\t<meta property=\"og:image:type\" content=\"image\/png\" \/>\n<meta name=\"twitter:card\" content=\"summary_large_image\" \/>\n<meta name=\"twitter:label1\" content=\"Est. tempo de leitura\" \/>\n\t<meta name=\"twitter:data1\" content=\"2 minutos\" \/>\n<script type=\"application\/ld+json\" class=\"yoast-schema-graph\">{\"@context\":\"https:\\\/\\\/schema.org\",\"@graph\":[{\"@type\":\"WebPage\",\"@id\":\"https:\\\/\\\/smartform.com.br\\\/uniformes-profissionais\\\/nossa-empresa\\\/\",\"url\":\"https:\\\/\\\/smartform.com.br\\\/uniformes-profissionais\\\/nossa-empresa\\\/\",\"name\":\"Nossa empresa - Smartform Uniformes Profissionais\",\"isPartOf\":{\"@id\":\"https:\\\/\\\/smartform.com.br\\\/uniformes-profissionais\\\/#website\"},\"primaryImageOfPage\":{\"@id\":\"https:\\\/\\\/smartform.com.br\\\/uniformes-profissionais\\\/nossa-empresa\\\/#primaryimage\"},\"image\":{\"@id\":\"https:\\\/\\\/smartform.com.br\\\/uniformes-profissionais\\\/nossa-empresa\\\/#primaryimage\"},\"thumbnailUrl\":\"https:\\\/\\\/smartform.com.br\\\/wp-content\\\/uploads\\\/2019\\\/08\\\/Smartform-Logo.png\",\"datePublished\":\"2019-09-10T15:12:14+00:00\",\"dateModified\":\"2022-08-26T17:58:07+00:00\",\"description\":\"Venha conhecer quem somos e um pouco mais da nossa hist\u00f3ria! Ficamos felizes em compartilhar nossa trajet\u00f3ria no ramo de uniformes com voc\u00eas!\",\"breadcrumb\":{\"@id\":\"https:\\\/\\\/smartform.com.br\\\/uniformes-profissionais\\\/nossa-empresa\\\/#breadcrumb\"},\"inLanguage\":\"pt-BR\",\"potentialAction\":[{\"@type\":\"ReadAction\",\"target\":[\"https:\\\/\\\/smartform.com.br\\\/uniformes-profissionais\\\/nossa-empresa\\\/\"]}]},{\"@type\":\"ImageObject\",\"inLanguage\":\"pt-BR\",\"@id\":\"https:\\\/\\\/smartform.com.br\\\/uniformes-profissionais\\\/nossa-empresa\\\/#primaryimage\",\"url\":\"https:\\\/\\\/smartform.com.br\\\/wp-content\\\/uploads\\\/2019\\\/08\\\/Smartform-Logo.png\",\"contentUrl\":\"https:\\\/\\\/smartform.com.br\\\/wp-content\\\/uploads\\\/2019\\\/08\\\/Smartform-Logo.png\",\"width\":433,\"height\":429,\"caption\":\"Smartform a forma inteligente de escolher uniforme profissionais personalizados\"},{\"@type\":\"BreadcrumbList\",\"@id\":\"https:\\\/\\\/smartform.com.br\\\/uniformes-profissionais\\\/nossa-empresa\\\/#breadcrumb\",\"itemListElement\":[{\"@type\":\"ListItem\",\"position\":1,\"name\":\"In\u00edcio\",\"item\":\"https:\\\/\\\/smartform.com.br\\\/uniformes-profissionais\\\/\"},{\"@type\":\"ListItem\",\"position\":2,\"name\":\"Nossa empresa\"}]},{\"@type\":\"WebSite\",\"@id\":\"https:\\\/\\\/smartform.com.br\\\/uniformes-profissionais\\\/#website\",\"url\":\"https:\\\/\\\/smartform.com.br\\\/uniformes-profissionais\\\/\",\"name\":\"Smartform Uniformes Profissionais\",\"description\":\"Uniformes Profissionais Personalizados\",\"publisher\":{\"@id\":\"https:\\\/\\\/smartform.com.br\\\/uniformes-profissionais\\\/#organization\"},\"potentialAction\":[{\"@type\":\"SearchAction\",\"target\":{\"@type\":\"EntryPoint\",\"urlTemplate\":\"https:\\\/\\\/smartform.com.br\\\/uniformes-profissionais\\\/?s={search_term_string}\"},\"query-input\":{\"@type\":\"PropertyValueSpecification\",\"valueRequired\":true,\"valueName\":\"search_term_string\"}}],\"inLanguage\":\"pt-BR\"},{\"@type\":\"Organization\",\"@id\":\"https:\\\/\\\/smartform.com.br\\\/uniformes-profissionais\\\/#organization\",\"name\":\"Smartform\",\"url\":\"https:\\\/\\\/smartform.com.br\\\/uniformes-profissionais\\\/\",\"logo\":{\"@type\":\"ImageObject\",\"inLanguage\":\"pt-BR\",\"@id\":\"https:\\\/\\\/smartform.com.br\\\/uniformes-profissionais\\\/#\\\/schema\\\/logo\\\/image\\\/\",\"url\":\"https:\\\/\\\/smartform.com.br\\\/wp-content\\\/uploads\\\/2019\\\/09\\\/Logo-Horizontal-Smartform-Preto.png\",\"contentUrl\":\"https:\\\/\\\/smartform.com.br\\\/wp-content\\\/uploads\\\/2019\\\/09\\\/Logo-Horizontal-Smartform-Preto.png\",\"width\":1536,\"height\":394,\"caption\":\"Smartform\"},\"image\":{\"@id\":\"https:\\\/\\\/smartform.com.br\\\/uniformes-profissionais\\\/#\\\/schema\\\/logo\\\/image\\\/\"}}]}<\/script>\n<!-- \/ Yoast SEO plugin. -->","yoast_head_json":{"title":"Nossa empresa - Smartform Uniformes Profissionais","description":"Venha conhecer quem somos e um pouco mais da nossa hist\u00f3ria! Ficamos felizes em compartilhar nossa trajet\u00f3ria no ramo de uniformes com voc\u00eas!","robots":{"index":"index","follow":"follow","max-snippet":"max-snippet:-1","max-image-preview":"max-image-preview:large","max-video-preview":"max-video-preview:-1"},"canonical":"https:\/\/smartform.com.br\/uniformes-profissionais\/nossa-empresa\/","og_locale":"pt_BR","og_type":"article","og_title":"Nossa empresa - Smartform Uniformes Profissionais","og_description":"Venha conhecer quem somos e um pouco mais da nossa hist\u00f3ria! Ficamos felizes em compartilhar nossa trajet\u00f3ria no ramo de uniformes com voc\u00eas!","og_url":"https:\/\/smartform.com.br\/uniformes-profissionais\/nossa-empresa\/","og_site_name":"Smartform Uniformes Profissionais","article_modified_time":"2022-08-26T17:58:07+00:00","og_image":[{"width":433,"height":429,"url":"https:\/\/smartform.com.br\/wp-content\/uploads\/2019\/08\/Smartform-Logo.png","type":"image\/png"}],"twitter_card":"summary_large_image","twitter_misc":{"Est. tempo de leitura":"2 minutos"},"schema":{"@context":"https:\/\/schema.org","@graph":[{"@type":"WebPage","@id":"https:\/\/smartform.com.br\/uniformes-profissionais\/nossa-empresa\/","url":"https:\/\/smartform.com.br\/uniformes-profissionais\/nossa-empresa\/","name":"Nossa empresa - Smartform Uniformes Profissionais","isPartOf":{"@id":"https:\/\/smartform.com.br\/uniformes-profissionais\/#website"},"primaryImageOfPage":{"@id":"https:\/\/smartform.com.br\/uniformes-profissionais\/nossa-empresa\/#primaryimage"},"image":{"@id":"https:\/\/smartform.com.br\/uniformes-profissionais\/nossa-empresa\/#primaryimage"},"thumbnailUrl":"https:\/\/smartform.com.br\/wp-content\/uploads\/2019\/08\/Smartform-Logo.png","datePublished":"2019-09-10T15:12:14+00:00","dateModified":"2022-08-26T17:58:07+00:00","description":"Venha conhecer quem somos e um pouco mais da nossa hist\u00f3ria! Ficamos felizes em compartilhar nossa trajet\u00f3ria no ramo de uniformes com voc\u00eas!","breadcrumb":{"@id":"https:\/\/smartform.com.br\/uniformes-profissionais\/nossa-empresa\/#breadcrumb"},"inLanguage":"pt-BR","potentialAction":[{"@type":"ReadAction","target":["https:\/\/smartform.com.br\/uniformes-profissionais\/nossa-empresa\/"]}]},{"@type":"ImageObject","inLanguage":"pt-BR","@id":"https:\/\/smartform.com.br\/uniformes-profissionais\/nossa-empresa\/#primaryimage","url":"https:\/\/smartform.com.br\/wp-content\/uploads\/2019\/08\/Smartform-Logo.png","contentUrl":"https:\/\/smartform.com.br\/wp-content\/uploads\/2019\/08\/Smartform-Logo.png","width":433,"height":429,"caption":"Smartform a forma inteligente de escolher uniforme profissionais personalizados"},{"@type":"BreadcrumbList","@id":"https:\/\/smartform.com.br\/uniformes-profissionais\/nossa-empresa\/#breadcrumb","itemListElement":[{"@type":"ListItem","position":1,"name":"In\u00edcio","item":"https:\/\/smartform.com.br\/uniformes-profissionais\/"},{"@type":"ListItem","position":2,"name":"Nossa empresa"}]},{"@type":"WebSite","@id":"https:\/\/smartform.com.br\/uniformes-profissionais\/#website","url":"https:\/\/smartform.com.br\/uniformes-profissionais\/","name":"Smartform Uniformes Profissionais","description":"Uniformes Profissionais Personalizados","publisher":{"@id":"https:\/\/smartform.com.br\/uniformes-profissionais\/#organization"},"potentialAction":[{"@type":"SearchAction","target":{"@type":"EntryPoint","urlTemplate":"https:\/\/smartform.com.br\/uniformes-profissionais\/?s={search_term_string}"},"query-input":{"@type":"PropertyValueSpecification","valueRequired":true,"valueName":"search_term_string"}}],"inLanguage":"pt-BR"},{"@type":"Organization","@id":"https:\/\/smartform.com.br\/uniformes-profissionais\/#organization","name":"Smartform","url":"https:\/\/smartform.com.br\/uniformes-profissionais\/","logo":{"@type":"ImageObject","inLanguage":"pt-BR","@id":"https:\/\/smartform.com.br\/uniformes-profissionais\/#\/schema\/logo\/image\/","url":"https:\/\/smartform.com.br\/wp-content\/uploads\/2019\/09\/Logo-Horizontal-Smartform-Preto.png","contentUrl":"https:\/\/smartform.com.br\/wp-content\/uploads\/2019\/09\/Logo-Horizontal-Smartform-Preto.png","width":1536,"height":394,"caption":"Smartform"},"image":{"@id":"https:\/\/smartform.com.br\/uniformes-profissionais\/#\/schema\/logo\/image\/"}}]}},"_links":{"self":[{"href":"https:\/\/smartform.com.br\/uniformes-profissionais\/wp-json\/wp\/v2\/pages\/55","targetHints":{"allow":["GET"]}}],"collection":[{"href":"https:\/\/smartform.com.br\/uniformes-profissionais\/wp-json\/wp\/v2\/pages"}],"about":[{"href":"https:\/\/smartform.com.br\/uniformes-profissionais\/wp-json\/wp\/v2\/types\/page"}],"author":[{"embeddable":true,"href":"https:\/\/smartform.com.br\/uniformes-profissionais\/wp-json\/wp\/v2\/users\/1"}],"replies":[{"embeddable":true,"href":"https:\/\/smartform.com.br\/uniformes-profissionais\/wp-json\/wp\/v2\/comments?post=55"}],"version-history":[{"count":103,"href":"https:\/\/smartform.com.br\/uniformes-profissionais\/wp-json\/wp\/v2\/pages\/55\/revisions"}],"predecessor-version":[{"id":1920,"href":"https:\/\/smartform.com.br\/uniformes-profissionais\/wp-json\/wp\/v2\/pages\/55\/revisions\/1920"}],"wp:featuredmedia":[{"embeddable":true,"href":"https:\/\/smartform.com.br\/uniformes-profissionais\/wp-json\/wp\/v2\/media\/9"}],"wp:attachment":[{"href":"https:\/\/smartform.com.br\/uniformes-profissionais\/wp-json\/wp\/v2\/media?parent=55"}],"curies":[{"name":"wp","href":"https:\/\/api.w.org\/{rel}","templated":true}]}}